{"id":12270,"date":"2022-03-25T07:47:39","date_gmt":"2022-03-25T07:47:39","guid":{"rendered":"https:\/\/viptravel.es\/?page_id=12270"},"modified":"2022-03-26T20:23:36","modified_gmt":"2022-03-26T20:23:36","slug":"faq","status":"publish","type":"page","link":"https:\/\/viptravel.es\/en\/faq\/","title":{"rendered":"FAQ"},"content":{"rendered":"<div data-elementor-type=\"wp-page\" data-elementor-id=\"12270\" class=\"elementor elementor-12270\">\n\t\t\t\t\t\t<div class=\"elementor-inner\">\n\t\t\t\t<div class=\"elementor-section-wrap\">\n\t\t\t\t\t\t\t\t\t<section class=\"elementor-section elementor-top-section elementor-element elementor-element-9b21540 elementor-section-height-min-height elementor-section-boxed elementor-section-height-default elementor-section-items-middle\" data-id=\"9b21540\" data-element_type=\"section\" data-settings=\"{&quot;background_background&quot;:&quot;classic&quot;}\">\n\t\t\t\t\t\t\t<div class=\"elementor-background-overlay\"><\/div>\n\t\t\t\t\t\t\t<div class=\"elementor-container elementor-column-gap-default\">\n\t\t\t\t\t\t\t<div class=\"elementor-row\">\n\t\t\t\t\t<div class=\"elementor-column elementor-col-100 elementor-top-column elementor-element elementor-element-9fe3f85\" data-id=\"9fe3f85\" data-element_type=\"column\">\n\t\t\t<div class=\"elementor-column-wrap elementor-element-populated\">\n\t\t\t\t\t\t\t<div class=\"elementor-widget-wrap\">\n\t\t\t\t\t\t<div class=\"elementor-element elementor-element-9d1c945 elementor-widget elementor-widget-heading\" data-id=\"9d1c945\" data-element_type=\"widget\" data-widget_type=\"heading.default\">\n\t\t\t\t<div class=\"elementor-widget-container\">\n\t\t\t<h2 class=\"elementor-heading-title elementor-size-default\">FAQ <\/h2>\t\t<\/div>\n\t\t\t\t<\/div>\n\t\t\t\t\t\t<\/div>\n\t\t\t\t\t<\/div>\n\t\t<\/div>\n\t\t\t\t\t\t\t\t<\/div>\n\t\t\t\t\t<\/div>\n\t\t<\/section>\n\t\t\t\t<section class=\"elementor-section elementor-top-section elementor-element elementor-element-d9400bc elementor-section-boxed elementor-section-height-default elementor-section-height-default\" data-id=\"d9400bc\" data-element_type=\"section\">\n\t\t\t\t\t\t<div class=\"elementor-container elementor-column-gap-default\">\n\t\t\t\t\t\t\t<div class=\"elementor-row\">\n\t\t\t\t\t<div class=\"elementor-column elementor-col-50 elementor-top-column elementor-element elementor-element-8e522ba\" data-id=\"8e522ba\" data-element_type=\"column\">\n\t\t\t<div class=\"elementor-column-wrap elementor-element-populated\">\n\t\t\t\t\t\t\t<div class=\"elementor-widget-wrap\">\n\t\t\t\t\t\t<div class=\"elementor-element elementor-element-abb71a1 elementor-widget elementor-widget-accordion\" data-id=\"abb71a1\" data-element_type=\"widget\" data-widget_type=\"accordion.default\">\n\t\t\t\t<div class=\"elementor-widget-container\">\n\t\t\t\t\t<div class=\"elementor-accordion\" role=\"tablist\">\n\t\t\t\t\t\t\t<div class=\"elementor-accordion-item\">\n\t\t\t\t\t<div id=\"elementor-tab-title-1801\" class=\"elementor-tab-title\" data-tab=\"1\" role=\"tab\" aria-controls=\"elementor-tab-content-1801\" aria-expanded=\"false\">\n\t\t\t\t\t\t\t\t\t\t\t\t\t<span class=\"elementor-accordion-icon elementor-accordion-icon-left\" aria-hidden=\"true\">\n\t\t\t\t\t\t\t\t\t\t\t\t\t\t\t<span class=\"elementor-accordion-icon-closed\"><i class=\"fas fa-plus\"><\/i><\/span>\n\t\t\t\t\t\t\t\t<span class=\"elementor-accordion-icon-opened\"><i class=\"fas fa-minus\"><\/i><\/span>\n\t\t\t\t\t\t\t\t\t\t\t\t\t\t<\/span>\n\t\t\t\t\t\t\t\t\t\t\t\t<a class=\"elementor-accordion-title\" href=\"\">\u00bfQu\u00e9 veh\u00edculos ofrecen?<\/a>\n\t\t\t\t\t<\/div>\n\t\t\t\t\t<div id=\"elementor-tab-content-1801\" class=\"elementor-tab-content elementor-clearfix\" data-tab=\"1\" role=\"tabpanel\" aria-labelledby=\"elementor-tab-title-1801\"><p>Los coches t\u00edpicos para nuestras clases de reserva son los siguientes:<br \/>Economy<br \/>Executive <br \/>Premium<\/p><\/div>\n\t\t\t\t<\/div>\n\t\t\t\t\t\t\t<div class=\"elementor-accordion-item\">\n\t\t\t\t\t<div id=\"elementor-tab-title-1802\" class=\"elementor-tab-title\" data-tab=\"2\" role=\"tab\" aria-controls=\"elementor-tab-content-1802\" aria-expanded=\"false\">\n\t\t\t\t\t\t\t\t\t\t\t\t\t<span class=\"elementor-accordion-icon elementor-accordion-icon-left\" aria-hidden=\"true\">\n\t\t\t\t\t\t\t\t\t\t\t\t\t\t\t<span class=\"elementor-accordion-icon-closed\"><i class=\"fas fa-plus\"><\/i><\/span>\n\t\t\t\t\t\t\t\t<span class=\"elementor-accordion-icon-opened\"><i class=\"fas fa-minus\"><\/i><\/span>\n\t\t\t\t\t\t\t\t\t\t\t\t\t\t<\/span>\n\t\t\t\t\t\t\t\t\t\t\t\t<a class=\"elementor-accordion-title\" href=\"\">\u00bfQu\u00e9 clase debo reservar?<\/a>\n\t\t\t\t\t<\/div>\n\t\t\t\t\t<div id=\"elementor-tab-content-1802\" class=\"elementor-tab-content elementor-clearfix\" data-tab=\"2\" role=\"tabpanel\" aria-labelledby=\"elementor-tab-title-1802\"><p>Ofrecemos varias clases de reservaci\u00f3n, cada una preparada para las necesidades espec\u00edficas que usted pueda tener. <br \/>Todos nuestros traslados incluyen el precio fijo, seguimiento autom\u00e1tico de vuelos, l soporte 24 horas al d\u00eda en whatsapp<\/p><\/div>\n\t\t\t\t<\/div>\n\t\t\t\t\t\t\t<div class=\"elementor-accordion-item\">\n\t\t\t\t\t<div id=\"elementor-tab-title-1803\" class=\"elementor-tab-title\" data-tab=\"3\" role=\"tab\" aria-controls=\"elementor-tab-content-1803\" aria-expanded=\"false\">\n\t\t\t\t\t\t\t\t\t\t\t\t\t<span class=\"elementor-accordion-icon elementor-accordion-icon-left\" aria-hidden=\"true\">\n\t\t\t\t\t\t\t\t\t\t\t\t\t\t\t<span class=\"elementor-accordion-icon-closed\"><i class=\"fas fa-plus\"><\/i><\/span>\n\t\t\t\t\t\t\t\t<span class=\"elementor-accordion-icon-opened\"><i class=\"fas fa-minus\"><\/i><\/span>\n\t\t\t\t\t\t\t\t\t\t\t\t\t\t<\/span>\n\t\t\t\t\t\t\t\t\t\t\t\t<a class=\"elementor-accordion-title\" href=\"\">Extras?<\/a>\n\t\t\t\t\t<\/div>\n\t\t\t\t\t<div id=\"elementor-tab-content-1803\" class=\"elementor-tab-content elementor-clearfix\" data-tab=\"3\" role=\"tabpanel\" aria-labelledby=\"elementor-tab-title-1803\"><p>Recogida con un letrero con nombre en la sala de llegadas. Equipaje extra, como equipo deportivo o asiento para ni\u00f1o est\u00e1n disponibles para cualquier traslado.<\/p><\/div>\n\t\t\t\t<\/div>\n\t\t\t\t\t\t\t<div class=\"elementor-accordion-item\">\n\t\t\t\t\t<div id=\"elementor-tab-title-1804\" class=\"elementor-tab-title\" data-tab=\"4\" role=\"tab\" aria-controls=\"elementor-tab-content-1804\" aria-expanded=\"false\">\n\t\t\t\t\t\t\t\t\t\t\t\t\t<span class=\"elementor-accordion-icon elementor-accordion-icon-left\" aria-hidden=\"true\">\n\t\t\t\t\t\t\t\t\t\t\t\t\t\t\t<span class=\"elementor-accordion-icon-closed\"><i class=\"fas fa-plus\"><\/i><\/span>\n\t\t\t\t\t\t\t\t<span class=\"elementor-accordion-icon-opened\"><i class=\"fas fa-minus\"><\/i><\/span>\n\t\t\t\t\t\t\t\t\t\t\t\t\t\t<\/span>\n\t\t\t\t\t\t\t\t\t\t\t\t<a class=\"elementor-accordion-title\" href=\"\">\u00bfC\u00f3mo saber que mi viaje est\u00e1 confirmado?<\/a>\n\t\t\t\t\t<\/div>\n\t\t\t\t\t<div id=\"elementor-tab-content-1804\" class=\"elementor-tab-content elementor-clearfix\" data-tab=\"4\" role=\"tabpanel\" aria-labelledby=\"elementor-tab-title-1804\"><p>Inmediatamente despu\u00e9s de reservar, recibir\u00e1 un correo electr\u00f3nico de confirmaci\u00f3n de reserva en su buz\u00f3n de entrada. Si no la recibe, verifique su caja de SPAM y contacte con VIPTRAVEL.<\/p><\/div>\n\t\t\t\t<\/div>\n\t\t\t\t\t\t\t<div class=\"elementor-accordion-item\">\n\t\t\t\t\t<div id=\"elementor-tab-title-1805\" class=\"elementor-tab-title\" data-tab=\"5\" role=\"tab\" aria-controls=\"elementor-tab-content-1805\" aria-expanded=\"false\">\n\t\t\t\t\t\t\t\t\t\t\t\t\t<span class=\"elementor-accordion-icon elementor-accordion-icon-left\" aria-hidden=\"true\">\n\t\t\t\t\t\t\t\t\t\t\t\t\t\t\t<span class=\"elementor-accordion-icon-closed\"><i class=\"fas fa-plus\"><\/i><\/span>\n\t\t\t\t\t\t\t\t<span class=\"elementor-accordion-icon-opened\"><i class=\"fas fa-minus\"><\/i><\/span>\n\t\t\t\t\t\t\t\t\t\t\t\t\t\t<\/span>\n\t\t\t\t\t\t\t\t\t\t\t\t<a class=\"elementor-accordion-title\" href=\"\">\u00bfC\u00f3mo puedo cancelar o cambiar una reservaci\u00f3n?<\/a>\n\t\t\t\t\t<\/div>\n\t\t\t\t\t<div id=\"elementor-tab-content-1805\" class=\"elementor-tab-content elementor-clearfix\" data-tab=\"5\" role=\"tabpanel\" aria-labelledby=\"elementor-tab-title-1805\"><p>Para hacer un cambio o cancelar la reserva debe contactar a VIPTRAVEL en servicio online de WhatsApp o enviar un correo info@viptravel.es<br \/>Por favor, recuerde que puede hacer sus cambios hasta 24 horas antes de la hora de recogida que dio al hacer la reservaci\u00f3n.<\/p><\/div>\n\t\t\t\t<\/div>\n\t\t\t\t\t\t\t<div class=\"elementor-accordion-item\">\n\t\t\t\t\t<div id=\"elementor-tab-title-1806\" class=\"elementor-tab-title\" data-tab=\"6\" role=\"tab\" aria-controls=\"elementor-tab-content-1806\" aria-expanded=\"false\">\n\t\t\t\t\t\t\t\t\t\t\t\t\t<span class=\"elementor-accordion-icon elementor-accordion-icon-left\" aria-hidden=\"true\">\n\t\t\t\t\t\t\t\t\t\t\t\t\t\t\t<span class=\"elementor-accordion-icon-closed\"><i class=\"fas fa-plus\"><\/i><\/span>\n\t\t\t\t\t\t\t\t<span class=\"elementor-accordion-icon-opened\"><i class=\"fas fa-minus\"><\/i><\/span>\n\t\t\t\t\t\t\t\t\t\t\t\t\t\t<\/span>\n\t\t\t\t\t\t\t\t\t\t\t\t<a class=\"elementor-accordion-title\" href=\"\">\u00bfCu\u00e1ndo obtendr\u00e9 los datos del conductor?<\/a>\n\t\t\t\t\t<\/div>\n\t\t\t\t\t<div id=\"elementor-tab-content-1806\" class=\"elementor-tab-content elementor-clearfix\" data-tab=\"6\" role=\"tabpanel\" aria-labelledby=\"elementor-tab-title-1806\"><p>Usted recibir\u00e1 el nombre, apellido y n\u00famero de tel\u00e9fono de su conductor dentro de 24 horas antes de la hora de recogida.<\/p><\/div>\n\t\t\t\t<\/div>\n\t\t\t\t\t\t\t<div class=\"elementor-accordion-item\">\n\t\t\t\t\t<div id=\"elementor-tab-title-1807\" class=\"elementor-tab-title\" data-tab=\"7\" role=\"tab\" aria-controls=\"elementor-tab-content-1807\" aria-expanded=\"false\">\n\t\t\t\t\t\t\t\t\t\t\t\t\t<span class=\"elementor-accordion-icon elementor-accordion-icon-left\" aria-hidden=\"true\">\n\t\t\t\t\t\t\t\t\t\t\t\t\t\t\t<span class=\"elementor-accordion-icon-closed\"><i class=\"fas fa-plus\"><\/i><\/span>\n\t\t\t\t\t\t\t\t<span class=\"elementor-accordion-icon-opened\"><i class=\"fas fa-minus\"><\/i><\/span>\n\t\t\t\t\t\t\t\t\t\t\t\t\t\t<\/span>\n\t\t\t\t\t\t\t\t\t\t\t\t<a class=\"elementor-accordion-title\" href=\"\">\u00bfC\u00f3mo puedo estar seguro de que mi coche viene?<\/a>\n\t\t\t\t\t<\/div>\n\t\t\t\t\t<div id=\"elementor-tab-content-1807\" class=\"elementor-tab-content elementor-clearfix\" data-tab=\"7\" role=\"tabpanel\" aria-labelledby=\"elementor-tab-title-1807\"><p>Una vez que haya recibido la confirmaci\u00f3n de la reservaci\u00f3n por correo electr\u00f3nico, se le reservar\u00e1 un coche inmediatamente. Ese coche puede cambiar dependiendo de la disponibilidad, pero los detalles exactos del conductor y el tipo de coche le ser\u00e1n enviados por correo electr\u00f3nico y whatsapp justo antes de la hora de recogida.<br \/>Esto significa que usted puede encontrar y contactar f\u00e1cilmente a su conductor si es necesario.<br \/>vas, si no encuentra a su conductor de ninguna de las dos maneras, siempre puede llamar al n\u00famero de m\u00f3vil que recibir\u00e1 de nuestra parte.<br \/><br \/>S\u00e9 que rastrean vuelos y necesito que me deje en el aeropuerto.<\/p><\/div>\n\t\t\t\t<\/div>\n\t\t\t\t\t\t\t<div class=\"elementor-accordion-item\">\n\t\t\t\t\t<div id=\"elementor-tab-title-1808\" class=\"elementor-tab-title\" data-tab=\"8\" role=\"tab\" aria-controls=\"elementor-tab-content-1808\" aria-expanded=\"false\">\n\t\t\t\t\t\t\t\t\t\t\t\t\t<span class=\"elementor-accordion-icon elementor-accordion-icon-left\" aria-hidden=\"true\">\n\t\t\t\t\t\t\t\t\t\t\t\t\t\t\t<span class=\"elementor-accordion-icon-closed\"><i class=\"fas fa-plus\"><\/i><\/span>\n\t\t\t\t\t\t\t\t<span class=\"elementor-accordion-icon-opened\"><i class=\"fas fa-minus\"><\/i><\/span>\n\t\t\t\t\t\t\t\t\t\t\t\t\t\t<\/span>\n\t\t\t\t\t\t\t\t\t\t\t\t<a class=\"elementor-accordion-title\" href=\"\">\u00bfMe dejar\u00e1n en la terminal apropiado?<\/a>\n\t\t\t\t\t<\/div>\n\t\t\t\t\t<div id=\"elementor-tab-content-1808\" class=\"elementor-tab-content elementor-clearfix\" data-tab=\"8\" role=\"tabpanel\" aria-labelledby=\"elementor-tab-title-1808\"><p>Realizamos seguimiento de vuelos s\u00f3lo para las recogidas en el aeropuerto.<br \/>El conductor le dejar\u00e1 en la direcci\u00f3n que usted indique en su reserva. Si se ha especificado el n\u00famero del terminal en el punto de destino, \u00a1mucho mejor! Si no es as\u00ed, informe al conductor a qu\u00e9 terminal le gustar\u00eda llegar cuando inicie el trayecto.<\/p><\/div>\n\t\t\t\t<\/div>\n\t\t\t\t\t\t\t\t<\/div>\n\t\t\t\t<\/div>\n\t\t\t\t<\/div>\n\t\t\t\t\t\t<\/div>\n\t\t\t\t\t<\/div>\n\t\t<\/div>\n\t\t\t\t<div class=\"elementor-column elementor-col-50 elementor-top-column elementor-element elementor-element-a8d7a05\" data-id=\"a8d7a05\" data-element_type=\"column\">\n\t\t\t<div class=\"elementor-column-wrap elementor-element-populated\">\n\t\t\t\t\t\t\t<div class=\"elementor-widget-wrap\">\n\t\t\t\t\t\t<div class=\"elementor-element elementor-element-57c0206 elementor-widget elementor-widget-text-editor\" data-id=\"57c0206\" data-element_type=\"widget\" data-widget_type=\"text-editor.default\">\n\t\t\t\t<div class=\"elementor-widget-container\">\n\t\t\t\t\t\t\t\t<div class=\"elementor-text-editor elementor-clearfix\">\n\t\t\t\t<h3>Need help?<\/h3><p>For any questions<\/p><p><a href=\"mailto:info@viptravel.es\">info@viptravel.es<\/a><\/p><p>Phone<\/p><p><i class=\"fas fa-phone-square\"><\/i> 0034 617553680<\/p><p><i class=\"fas fa-clock\"><\/i>\u00a0We are available 24\/7<\/p>\t\t\t\t\t<\/div>\n\t\t\t\t\t\t<\/div>\n\t\t\t\t<\/div>\n\t\t\t\t\t\t<\/div>\n\t\t\t\t\t<\/div>\n\t\t<\/div>\n\t\t\t\t\t\t\t\t<\/div>\n\t\t\t\t\t<\/div>\n\t\t<\/section>\n\t\t\t\t\t\t\t\t\t<\/div>\n\t\t\t<\/div>\n\t\t\t\t\t<\/div>","protected":false},"excerpt":{"rendered":"<p>Preguntas frecuentes \u00bfQu\u00e9 veh\u00edculos ofrecen? Los coches t\u00edpicos para nuestras clases de reserva son los siguientes:EconomyExecutive Premium \u00bfQu\u00e9 clase debo reservar? Ofrecemos varias clases de reservaci\u00f3n, cada una preparada para las necesidades espec\u00edficas que usted pueda tener. Todos nuestros traslados incluyen el precio fijo, seguimiento autom\u00e1tico de vuelos, l soporte 24 horas al d\u00eda en &hellip;<\/p>\n<p class=\"read-more\"> <a class=\"\" href=\"https:\/\/viptravel.es\/en\/faq\/\"> <span class=\"screen-reader-text\">FAQ<\/span> Read More &raquo;<\/a><\/p>","protected":false},"author":1,"featured_media":0,"parent":0,"menu_order":0,"comment_status":"closed","ping_status":"closed","template":"","meta":{"om_disable_all_campaigns":false,"_glsr_average":0,"_glsr_ranking":0,"_glsr_reviews":0,"_mi_skip_tracking":false,"site-sidebar-layout":"no-sidebar","site-content-layout":"page-builder","ast-main-header-display":"","ast-hfb-above-header-display":"","ast-hfb-below-header-display":"","ast-hfb-mobile-header-display":"","site-post-title":"disabled","ast-breadcrumbs-content":"disabled","ast-featured-img":"disabled","footer-sml-layout":"","theme-transparent-header-meta":"enabled","adv-header-id-meta":"","stick-header-meta":"","header-above-stick-meta":"","header-main-stick-meta":"","header-below-stick-meta":"","footnotes":""},"yoast_head":"<!-- This site is optimized with the Yoast SEO Premium plugin v18.0 (Yoast SEO v19.3) - https:\/\/yoast.com\/wordpress\/plugins\/seo\/ -->\n<title>FAQ - VIP TRAVEL<\/title>\n<meta name=\"robots\" content=\"index, follow, max-snippet:-1, max-image-preview:large, max-video-preview:-1\" \/>\n<link rel=\"canonical\" href=\"https:\/\/viptravel.es\/en\/faq\/\" \/>\n<meta property=\"og:locale\" content=\"en_GB\" \/>\n<meta property=\"og:type\" content=\"article\" \/>\n<meta property=\"og:title\" content=\"FAQ\" \/>\n<meta property=\"og:description\" content=\"Preguntas frecuentes \u00bfQu\u00e9 veh\u00edculos ofrecen? Los coches t\u00edpicos para nuestras clases de reserva son los siguientes:EconomyExecutive Premium \u00bfQu\u00e9 clase debo reservar? Ofrecemos varias clases de reservaci\u00f3n, cada una preparada para las necesidades espec\u00edficas que usted pueda tener. Todos nuestros traslados incluyen el precio fijo, seguimiento autom\u00e1tico de vuelos, l soporte 24 horas al d\u00eda en &hellip; FAQ Read More &raquo;\" \/>\n<meta property=\"og:url\" content=\"https:\/\/viptravel.es\/en\/faq\/\" \/>\n<meta property=\"og:site_name\" content=\"VIP TRAVEL\" \/>\n<meta property=\"article:modified_time\" content=\"2022-03-26T20:23:36+00:00\" \/>\n<meta name=\"twitter:card\" content=\"summary_large_image\" \/>\n<meta name=\"twitter:label1\" content=\"Estimated reading time\" \/>\n\t<meta name=\"twitter:data1\" content=\"3 minutes\" \/>\n<script type=\"application\/ld+json\" class=\"yoast-schema-graph\">{\"@context\":\"https:\/\/schema.org\",\"@graph\":[{\"@type\":\"Organization\",\"@id\":\"https:\/\/viptravel.es\/es\/#organization\",\"name\":\"VipTravel\",\"url\":\"https:\/\/viptravel.es\/es\/\",\"sameAs\":[],\"logo\":{\"@type\":\"ImageObject\",\"inLanguage\":\"en-GB\",\"@id\":\"https:\/\/viptravel.es\/es\/#\/schema\/logo\/image\/\",\"url\":\"https:\/\/viptravel.es\/wp-content\/uploads\/2017\/11\/VIP-TRAVEL-2.png\",\"contentUrl\":\"https:\/\/viptravel.es\/wp-content\/uploads\/2017\/11\/VIP-TRAVEL-2.png\",\"width\":1000,\"height\":250,\"caption\":\"VipTravel\"},\"image\":{\"@id\":\"https:\/\/viptravel.es\/es\/#\/schema\/logo\/image\/\"}},{\"@type\":\"WebSite\",\"@id\":\"https:\/\/viptravel.es\/es\/#website\",\"url\":\"https:\/\/viptravel.es\/es\/\",\"name\":\"VIP TRAVEL\",\"description\":\"Viaja con comodidad\",\"publisher\":{\"@id\":\"https:\/\/viptravel.es\/es\/#organization\"},\"potentialAction\":[{\"@type\":\"SearchAction\",\"target\":{\"@type\":\"EntryPoint\",\"urlTemplate\":\"https:\/\/viptravel.es\/es\/?s={search_term_string}\"},\"query-input\":\"required name=search_term_string\"}],\"inLanguage\":\"en-GB\"},{\"@type\":\"WebPage\",\"@id\":\"https:\/\/viptravel.es\/faq\/\",\"url\":\"https:\/\/viptravel.es\/faq\/\",\"name\":\"FAQ - VIP TRAVEL\",\"isPartOf\":{\"@id\":\"https:\/\/viptravel.es\/es\/#website\"},\"datePublished\":\"2022-03-25T07:47:39+00:00\",\"dateModified\":\"2022-03-26T20:23:36+00:00\",\"breadcrumb\":{\"@id\":\"https:\/\/viptravel.es\/faq\/#breadcrumb\"},\"inLanguage\":\"en-GB\",\"potentialAction\":[{\"@type\":\"ReadAction\",\"target\":[\"https:\/\/viptravel.es\/faq\/\"]}]},{\"@type\":\"BreadcrumbList\",\"@id\":\"https:\/\/viptravel.es\/faq\/#breadcrumb\",\"itemListElement\":[{\"@type\":\"ListItem\",\"position\":1,\"name\":\"Portada\",\"item\":\"https:\/\/viptravel.es\/es\/\"},{\"@type\":\"ListItem\",\"position\":2,\"name\":\"FAQ\"}]}]}<\/script>\n<!-- \/ Yoast SEO Premium plugin. -->","yoast_head_json":{"title":"FAQ - VIP TRAVEL","robots":{"index":"index","follow":"follow","max-snippet":"max-snippet:-1","max-image-preview":"max-image-preview:large","max-video-preview":"max-video-preview:-1"},"canonical":"https:\/\/viptravel.es\/en\/faq\/","og_locale":"en_GB","og_type":"article","og_title":"FAQ","og_description":"Preguntas frecuentes \u00bfQu\u00e9 veh\u00edculos ofrecen? Los coches t\u00edpicos para nuestras clases de reserva son los siguientes:EconomyExecutive Premium \u00bfQu\u00e9 clase debo reservar? Ofrecemos varias clases de reservaci\u00f3n, cada una preparada para las necesidades espec\u00edficas que usted pueda tener. Todos nuestros traslados incluyen el precio fijo, seguimiento autom\u00e1tico de vuelos, l soporte 24 horas al d\u00eda en &hellip; FAQ Read More &raquo;","og_url":"https:\/\/viptravel.es\/en\/faq\/","og_site_name":"VIP TRAVEL","article_modified_time":"2022-03-26T20:23:36+00:00","twitter_card":"summary_large_image","twitter_misc":{"Estimated reading time":"3 minutes"},"schema":{"@context":"https:\/\/schema.org","@graph":[{"@type":"Organization","@id":"https:\/\/viptravel.es\/es\/#organization","name":"VipTravel","url":"https:\/\/viptravel.es\/es\/","sameAs":[],"logo":{"@type":"ImageObject","inLanguage":"en-GB","@id":"https:\/\/viptravel.es\/es\/#\/schema\/logo\/image\/","url":"https:\/\/viptravel.es\/wp-content\/uploads\/2017\/11\/VIP-TRAVEL-2.png","contentUrl":"https:\/\/viptravel.es\/wp-content\/uploads\/2017\/11\/VIP-TRAVEL-2.png","width":1000,"height":250,"caption":"VipTravel"},"image":{"@id":"https:\/\/viptravel.es\/es\/#\/schema\/logo\/image\/"}},{"@type":"WebSite","@id":"https:\/\/viptravel.es\/es\/#website","url":"https:\/\/viptravel.es\/es\/","name":"VIP TRAVEL","description":"Viaja con comodidad","publisher":{"@id":"https:\/\/viptravel.es\/es\/#organization"},"potentialAction":[{"@type":"SearchAction","target":{"@type":"EntryPoint","urlTemplate":"https:\/\/viptravel.es\/es\/?s={search_term_string}"},"query-input":"required name=search_term_string"}],"inLanguage":"en-GB"},{"@type":"WebPage","@id":"https:\/\/viptravel.es\/faq\/","url":"https:\/\/viptravel.es\/faq\/","name":"FAQ - VIP TRAVEL","isPartOf":{"@id":"https:\/\/viptravel.es\/es\/#website"},"datePublished":"2022-03-25T07:47:39+00:00","dateModified":"2022-03-26T20:23:36+00:00","breadcrumb":{"@id":"https:\/\/viptravel.es\/faq\/#breadcrumb"},"inLanguage":"en-GB","potentialAction":[{"@type":"ReadAction","target":["https:\/\/viptravel.es\/faq\/"]}]},{"@type":"BreadcrumbList","@id":"https:\/\/viptravel.es\/faq\/#breadcrumb","itemListElement":[{"@type":"ListItem","position":1,"name":"Portada","item":"https:\/\/viptravel.es\/es\/"},{"@type":"ListItem","position":2,"name":"FAQ"}]}]}},"_links":{"self":[{"href":"https:\/\/viptravel.es\/en\/wp-json\/wp\/v2\/pages\/12270"}],"collection":[{"href":"https:\/\/viptravel.es\/en\/wp-json\/wp\/v2\/pages"}],"about":[{"href":"https:\/\/viptravel.es\/en\/wp-json\/wp\/v2\/types\/page"}],"author":[{"embeddable":true,"href":"https:\/\/viptravel.es\/en\/wp-json\/wp\/v2\/users\/1"}],"replies":[{"embeddable":true,"href":"https:\/\/viptravel.es\/en\/wp-json\/wp\/v2\/comments?post=12270"}],"version-history":[{"count":19,"href":"https:\/\/viptravel.es\/en\/wp-json\/wp\/v2\/pages\/12270\/revisions"}],"predecessor-version":[{"id":12420,"href":"https:\/\/viptravel.es\/en\/wp-json\/wp\/v2\/pages\/12270\/revisions\/12420"}],"wp:attachment":[{"href":"https:\/\/viptravel.es\/en\/wp-json\/wp\/v2\/media?parent=12270"}],"curies":[{"name":"wp","href":"https:\/\/api.w.org\/{rel}","templated":true}]}}